{"id":3527,"date":"2014-09-26T09:35:31","date_gmt":"2014-09-26T08:35:31","guid":{"rendered":"https:\/\/stolavpilgrim.com\/?page_id=3527"},"modified":"2026-03-08T10:36:51","modified_gmt":"2026-03-08T09:36:51","slug":"about-us","status":"publish","type":"page","link":"https:\/\/stolavpilgrim.com\/en\/om-oss\/","title":{"rendered":"About us"},"content":{"rendered":"<p>[et_pb_section fb_built=&raquo;1&#8243; _builder_version=&raquo;4.27.4&#8243; _module_preset=&raquo;default&raquo; background_image=&raquo;https:\/\/stolavpilgrim.com\/wp-content\/uploads\/2025\/09\/Pilgrimsroere_head-1.jpg&raquo; custom_padding=&raquo;400px||400px||true|false&raquo; global_colors_info=&raquo;{}&raquo;][et_pb_row _builder_version=&raquo;4.27.4&#8243; _module_preset=&raquo;default&raquo; global_colors_info=&raquo;{}&raquo;][et_pb_column type=&raquo;4_4&#8243; _builder_version=&raquo;4.27.4&#8243; _module_preset=&raquo;default&raquo; global_colors_info=&raquo;{}&raquo;][et_pb_text _builder_version=&raquo;4.27.4&#8243; _module_preset=&raquo;default&raquo; header_text_align=&raquo;center&raquo; header_text_color=&raquo;#CD5C5C&raquo; header_font_size=&raquo;46px&raquo; global_colors_info=&raquo;{}&raquo;]<\/p>\n<h1>OM OSS<\/h1>\n<p>[\/et_pb_text][\/et_pb_column][\/et_pb_row][\/et_pb_section][et_pb_section fb_built=&raquo;1&#8243; _builder_version=&raquo;4.16&#8243; background_color=&raquo;#f5f5f5&#8243; global_colors_info=&raquo;{}&raquo;][et_pb_row column_structure=&raquo;1_2,1_2&#8243; _builder_version=&raquo;4.16&#8243; background_size=&raquo;initial&raquo; background_position=&raquo;top_left&raquo; background_repeat=&raquo;repeat&raquo; global_colors_info=&raquo;{}&raquo;][et_pb_column type=&raquo;1_2&#8243; _builder_version=&raquo;4.16&#8243; custom_padding=&raquo;|||&raquo; global_colors_info=&raquo;{}&raquo; custom_padding__hover=&raquo;|||&raquo;][et_pb_image src=&raquo;https:\/\/stolavpilgrim.com\/wp-content\/uploads\/2025\/09\/Pilgrimsmannen006_web-1.jpg&raquo; title_text=&raquo;Pilgrimsmannen006_web&raquo; align_tablet=&raquo;center&raquo; align_phone=&raquo;center&raquo; align_last_edited=&raquo;on|desktop&raquo; admin_label=&raquo;Image&raquo; _builder_version=&raquo;4.27.4&#8243; animation_style=&raquo;slide&raquo; animation_direction=&raquo;left&raquo; animation_duration=&raquo;500ms&raquo; animation_intensity_slide=&raquo;10%&raquo; animation=&raquo;left&raquo; sticky=&raquo;off&raquo; global_colors_info=&raquo;{}&raquo;][\/et_pb_image][\/et_pb_column][et_pb_column type=&raquo;1_2&#8243; _builder_version=&raquo;4.16&#8243; custom_padding=&raquo;|||&raquo; global_colors_info=&raquo;{}&raquo; custom_padding__hover=&raquo;|||&raquo;][et_pb_text admin_label=&raquo;Text&raquo; _builder_version=&raquo;4.27.5&#8243; background_size=&raquo;initial&raquo; background_position=&raquo;top_left&raquo; background_repeat=&raquo;repeat&raquo; global_colors_info=&raquo;{}&raquo;]<\/p>\n<h2>\u00d8yvind L\u00f8vr\u00f8d<\/h2>\n<p class=\"p1\">Jeg er utdannet politi og har arbeidet som det i 11 \u00e5r. Etter det var jeg utreder i forsikringsbransjen i 20\u00a0 \u00e5r. Jeg har i tillegg v\u00e6rt hjelpearbeider et \u00e5r i Thailand for hjelpeorganisasjonen Partners. De siste tre \u00e5rene har jeg v\u00e6rt sauebonde p\u00e5 N\u00e6r\u00f8ya. Jeg er gift med R\u00f8nnaug og vi har tre voksne barn og et barnebarn.<\/p>\n<p class=\"p1\">Jeg stortrives i m\u00f8te med nye mennesker og er levende opptatt at vi tar oss tid til \u00e5 leve livet. \u00c5 tilrettelegge for nye <em>rasteplasser<\/em> og opplevelser for andre\u00a0gir meg en meningsfull hverdag.<\/p>\n<h3 class=\"p1\"><em>Carpe Diem!<\/em><\/h3>\n<p>[\/et_pb_text][\/et_pb_column][\/et_pb_row][\/et_pb_section][et_pb_section fb_built=&raquo;1&#8243; _builder_version=&raquo;4.27.5&#8243; background_color=&raquo;#a8a779&#8243; custom_padding=&raquo;33px||20px|||&raquo; transparent_background=&raquo;off&raquo; global_colors_info=&raquo;{}&raquo;][et_pb_row _builder_version=&raquo;4.16&#8243; background_size=&raquo;initial&raquo; background_position=&raquo;top_left&raquo; background_repeat=&raquo;repeat&raquo; global_colors_info=&raquo;{}&raquo;][et_pb_column type=&raquo;4_4&#8243; _builder_version=&raquo;4.16&#8243; custom_padding=&raquo;|||&raquo; global_colors_info=&raquo;{}&raquo; custom_padding__hover=&raquo;|||&raquo;][et_pb_text admin_label=&raquo;Text&raquo; _builder_version=&raquo;4.27.5&#8243; background_size=&raquo;initial&raquo; background_position=&raquo;top_left&raquo; background_repeat=&raquo;repeat&raquo; text_orientation=&raquo;center&raquo; module_alignment=&raquo;center&raquo; global_colors_info=&raquo;{}&raquo;]<\/p>\n<h2>Velg blandt v\u00e5re pilgrimsturer<\/h2>\n<p>[\/et_pb_text][\/et_pb_column][\/et_pb_row][\/et_pb_section][et_pb_section fb_built=&raquo;1&#8243; inner_shadow=&raquo;on&raquo; _builder_version=&raquo;4.27.5&#8243; background_color=&raquo;#FFFFFF&raquo; global_module=&raquo;4147&#8243; global_colors_info=&raquo;{}&raquo;][et_pb_row _builder_version=&raquo;4.16&#8243; background_size=&raquo;initial&raquo; background_position=&raquo;top_left&raquo; background_repeat=&raquo;repeat&raquo; global_colors_info=&raquo;{}&raquo;][et_pb_column type=&raquo;4_4&#8243; _builder_version=&raquo;4.16&#8243; custom_padding=&raquo;|||&raquo; global_colors_info=&raquo;{}&raquo; custom_padding__hover=&raquo;|||&raquo;][et_pb_text admin_label=&raquo;Text&raquo; _builder_version=&raquo;4.27.5&#8243; header_2_font=&raquo;&#8211;et_global_heading_font||||||||&raquo; header_3_font=&raquo;&#8211;et_global_heading_font||||||||&raquo; background_size=&raquo;initial&raquo; background_position=&raquo;top_left&raquo; background_repeat=&raquo;repeat&raquo; text_orientation=&raquo;center&raquo; module_alignment=&raquo;center&raquo; global_colors_info=&raquo;{}&raquo;]<\/p>\n<h2>Guidet pilgrimstur for grupper p\u00e5 15 personer eller fler<\/h2>\n<h3><\/h3>\n<p>[\/et_pb_text][\/et_pb_column][\/et_pb_row][et_pb_row column_structure=&raquo;1_2,1_2&#8243; _builder_version=&raquo;4.27.5&#8243; _module_preset=&raquo;default&raquo; global_colors_info=&raquo;{}&raquo;][et_pb_column type=&raquo;1_2&#8243; _builder_version=&raquo;4.27.5&#8243; _module_preset=&raquo;default&raquo; global_colors_info=&raquo;{}&raquo;][et_pb_blurb title=&raquo;Pilgrim Basic&raquo; url=&raquo;https:\/\/stolavpilgrim.com\/project\/pilgrim-basic\/&raquo; image=&raquo;https:\/\/stolavpilgrim.com\/wp-content\/uploads\/2026\/02\/pilgrim-basic-blurb.jpg&raquo; _builder_version=&raquo;4.27.5&#8243; _module_preset=&raquo;default&raquo; header_text_align=&raquo;center&raquo; header_font_size=&raquo;36px&raquo; link_option_url=&raquo;https:\/\/stolavpilgrim.com\/project\/pilgrim-basic\/&raquo; global_colors_info=&raquo;{}&raquo;]<\/p>\n<h3 style=\"text-align: center;\">7 dagers pilgrimstur for minimum 15 personer<\/h3>\n<p>[\/et_pb_blurb][\/et_pb_column][et_pb_column type=&raquo;1_2&#8243; _builder_version=&raquo;4.27.5&#8243; _module_preset=&raquo;default&raquo; global_colors_info=&raquo;{}&raquo;][et_pb_blurb title=&raquo;Bare b\u00e5t&raquo; url=&raquo;https:\/\/stolavpilgrim.com\/project\/boottransport\/&raquo; image=&raquo;https:\/\/stolavpilgrim.com\/wp-content\/uploads\/2026\/02\/bare-baat-blurb.jpg&raquo; _builder_version=&raquo;4.27.5&#8243; _module_preset=&raquo;default&raquo; header_text_align=&raquo;center&raquo; header_font_size=&raquo;36px&raquo; link_option_url=&raquo;https:\/\/stolavpilgrim.com\/project\/boottransport\/&raquo; global_colors_info=&raquo;{}&raquo;]<\/p>\n<h3 class=\"p1\" style=\"text-align: center;\">Pilgrimer som vandrer p\u00e5 egen h\u00e5nd kan bestille kun b\u00e5t-transport<\/h3>\n<p>[\/et_pb_blurb][\/et_pb_column][\/et_pb_row][\/et_pb_section][et_pb_section fb_built=&raquo;1&#8243; _builder_version=&raquo;4.27.5&#8243; background_color=&raquo;#cd5c5c&raquo; background_image=&raquo;https:\/\/stolavpilgrim.com\/wp-content\/uploads\/2025\/09\/aaker_sky_1920-1.jpg&raquo; min_height=&raquo;283.1px&raquo; custom_margin=&raquo;-30px|||||&raquo; custom_padding=&raquo;0px|||||&raquo; transparent_background=&raquo;off&raquo; global_colors_info=&raquo;{}&raquo;][et_pb_row _builder_version=&raquo;4.27.5&#8243; background_size=&raquo;initial&raquo; background_position=&raquo;top_left&raquo; background_repeat=&raquo;repeat&raquo; module_alignment=&raquo;center&raquo; custom_margin=&raquo;|auto||auto|false|false&raquo; custom_padding=&raquo;55px|||200px|false|false&raquo; global_colors_info=&raquo;{}&raquo;][et_pb_column type=&raquo;4_4&#8243; _builder_version=&raquo;4.16&#8243; custom_padding=&raquo;|||&raquo; global_colors_info=&raquo;{}&raquo; custom_padding__hover=&raquo;|||&raquo;][et_pb_cta title=&raquo;Vil du bli med oss p\u00e5 tur?&raquo; button_url=&raquo;https:\/\/stolavpilgrim.com\/kontakt\/&raquo; button_text=&raquo;Kontakt oss&raquo; admin_label=&raquo;Call To Action&raquo; _builder_version=&raquo;4.27.5&#8243; header_font_size=&raquo;36px&raquo; body_font_size=&raquo;18px&raquo; use_background_color=&raquo;off&raquo; background_size=&raquo;initial&raquo; background_position=&raquo;top_left&raquo; background_repeat=&raquo;repeat&raquo; custom_button=&raquo;on&raquo; button_text_color=&raquo;#FFFFFF&raquo; button_border_radius=&raquo;25px&raquo; width=&raquo;64.1%&raquo; custom_padding=&raquo;|||0px||&raquo; global_colors_info=&raquo;{}&raquo; button_text_size__hover_enabled=&raquo;off&raquo; button_one_text_size__hover_enabled=&raquo;off&raquo; button_two_text_size__hover_enabled=&raquo;off&raquo; button_text_color__hover_enabled=&raquo;off&raquo; button_one_text_color__hover_enabled=&raquo;off&raquo; button_two_text_color__hover_enabled=&raquo;off&raquo; button_border_width__hover_enabled=&raquo;off&raquo; button_one_border_width__hover_enabled=&raquo;off&raquo; button_two_border_width__hover_enabled=&raquo;off&raquo; button_border_color__hover_enabled=&raquo;off&raquo; button_one_border_color__hover_enabled=&raquo;off&raquo; button_two_border_color__hover_enabled=&raquo;off&raquo; button_border_radius__hover_enabled=&raquo;off&raquo; button_one_border_radius__hover_enabled=&raquo;off&raquo; button_two_border_radius__hover_enabled=&raquo;off&raquo; button_letter_spacing__hover_enabled=&raquo;off&raquo; button_one_letter_spacing__hover_enabled=&raquo;off&raquo; button_two_letter_spacing__hover_enabled=&raquo;off&raquo; button_bg_color__hover_enabled=&raquo;off&raquo; button_one_bg_color__hover_enabled=&raquo;off&raquo; button_two_bg_color__hover_enabled=&raquo;off&raquo;]<\/p>\n<p>Send oss en melding!<\/p>\n<p>[\/et_pb_cta][\/et_pb_column][\/et_pb_row][\/et_pb_section]<\/p>\n","protected":false},"excerpt":{"rendered":"<p>OM OSS\u00d8yvind L\u00f8vr\u00f8d Jeg er utdannet politi og har arbeidet som det i 11 \u00e5r. Etter det var jeg utreder i forsikringsbransjen i 20\u00a0 \u00e5r. Jeg har i tillegg v\u00e6rt hjelpearbeider et \u00e5r i Thailand for hjelpeorganisasjonen Partners. De siste tre \u00e5rene har jeg v\u00e6rt sauebonde p\u00e5 N\u00e6r\u00f8ya. Jeg er gift med R\u00f8nnaug og vi [&hellip;]<\/p>\n","protected":false},"author":1,"featured_media":0,"parent":0,"menu_order":5,"comment_status":"closed","ping_status":"closed","template":"","meta":{"_et_pb_use_builder":"on","_et_pb_old_content":"","_et_gb_content_width":"","inline_featured_image":false,"footnotes":""},"class_list":["post-3527","page","type-page","status-publish","hentry"],"_links":{"self":[{"href":"https:\/\/stolavpilgrim.com\/en\/wp-json\/wp\/v2\/pages\/3527","targetHints":{"allow":["GET"]}}],"collection":[{"href":"https:\/\/stolavpilgrim.com\/en\/wp-json\/wp\/v2\/pages"}],"about":[{"href":"https:\/\/stolavpilgrim.com\/en\/wp-json\/wp\/v2\/types\/page"}],"author":[{"embeddable":true,"href":"https:\/\/stolavpilgrim.com\/en\/wp-json\/wp\/v2\/users\/1"}],"replies":[{"embeddable":true,"href":"https:\/\/stolavpilgrim.com\/en\/wp-json\/wp\/v2\/comments?post=3527"}],"version-history":[{"count":7,"href":"https:\/\/stolavpilgrim.com\/en\/wp-json\/wp\/v2\/pages\/3527\/revisions"}],"predecessor-version":[{"id":4222,"href":"https:\/\/stolavpilgrim.com\/en\/wp-json\/wp\/v2\/pages\/3527\/revisions\/4222"}],"wp:attachment":[{"href":"https:\/\/stolavpilgrim.com\/en\/wp-json\/wp\/v2\/media?parent=3527"}],"curies":[{"name":"wp","href":"https:\/\/api.w.org\/{rel}","templated":true}]}}