{"id":2253,"date":"2013-05-16T23:05:17","date_gmt":"2013-05-16T23:05:17","guid":{"rendered":"http:\/\/themify.me\/demo\/themes\/wp-content\/uploads\/image-placeholder.jpg"},"modified":"2026-02-22T17:29:31","modified_gmt":"2026-02-22T16:29:31","slug":"tours-2","status":"publish","type":"page","link":"https:\/\/stolavpilgrim.com\/en\/turer-2\/","title":{"rendered":"Turer"},"content":{"rendered":"<p>[et_pb_section fb_built=&raquo;1&#8243; fullwidth=&raquo;on&raquo; _builder_version=&raquo;4.27.5&#8243; global_colors_info=&raquo;{}&raquo;][et_pb_fullwidth_slider admin_label=&raquo;Fullwidth Slider&raquo; _builder_version=&raquo;4.27.5&#8243; header_font=&raquo;&#8211;et_global_heading_font||||||||&raquo; header_text_color=&raquo;#FFFFFF&raquo; background_image=&raquo;https:\/\/stolavpilgrim.com\/wp-content\/uploads\/2008\/06\/frostating_dag_1920.jpg&raquo; custom_padding=&raquo;|||&raquo; custom_padding_tablet=&raquo;|||&raquo; custom_padding_phone=&raquo;|||&raquo; box_shadow_style=&raquo;preset6&#8243; box_shadow_blur=&raquo;10px&raquo; box_shadow_color=&raquo;rgba(0,0,0,0.1)&raquo; show_inner_shadow=&raquo;on&raquo; global_colors_info=&raquo;{}&raquo; button_text_size__hover_enabled=&raquo;off&raquo; button_one_text_size__hover_enabled=&raquo;off&raquo; button_two_text_size__hover_enabled=&raquo;off&raquo; button_text_color__hover_enabled=&raquo;off&raquo; button_one_text_color__hover_enabled=&raquo;off&raquo; button_two_text_color__hover_enabled=&raquo;off&raquo; button_border_width__hover_enabled=&raquo;off&raquo; button_one_border_width__hover_enabled=&raquo;off&raquo; button_two_border_width__hover_enabled=&raquo;off&raquo; button_border_color__hover_enabled=&raquo;off&raquo; button_one_border_color__hover_enabled=&raquo;off&raquo; button_two_border_color__hover_enabled=&raquo;off&raquo; button_border_radius__hover_enabled=&raquo;off&raquo; button_one_border_radius__hover_enabled=&raquo;off&raquo; button_two_border_radius__hover_enabled=&raquo;off&raquo; button_letter_spacing__hover_enabled=&raquo;off&raquo; button_one_letter_spacing__hover_enabled=&raquo;off&raquo; button_two_letter_spacing__hover_enabled=&raquo;off&raquo; button_bg_color__hover_enabled=&raquo;off&raquo; button_one_bg_color__hover_enabled=&raquo;off&raquo; button_two_bg_color__hover_enabled=&raquo;off&raquo;][et_pb_slide heading=&raquo;Pilgrimsvandring i Olav den Helliges fotspor&raquo; _builder_version=&raquo;4.27.5&#8243; background_color=&raquo;#ffffff&raquo; background_image=&raquo;https:\/\/stolavpilgrim.com\/wp-content\/uploads\/2025\/09\/frostating_dag_1920-1.jpg&raquo; background_enable_image=&raquo;on&raquo; background_layout=&raquo;light&raquo; global_colors_info=&raquo;{}&raquo; button_text_size__hover_enabled=&raquo;off&raquo; button_one_text_size__hover_enabled=&raquo;off&raquo; button_two_text_size__hover_enabled=&raquo;off&raquo; button_text_color__hover_enabled=&raquo;off&raquo; button_one_text_color__hover_enabled=&raquo;off&raquo; button_two_text_color__hover_enabled=&raquo;off&raquo; button_border_width__hover_enabled=&raquo;off&raquo; button_one_border_width__hover_enabled=&raquo;off&raquo; button_two_border_width__hover_enabled=&raquo;off&raquo; button_border_color__hover_enabled=&raquo;off&raquo; button_one_border_color__hover_enabled=&raquo;off&raquo; button_two_border_color__hover_enabled=&raquo;off&raquo; button_border_radius__hover_enabled=&raquo;off&raquo; button_one_border_radius__hover_enabled=&raquo;off&raquo; button_two_border_radius__hover_enabled=&raquo;off&raquo; button_letter_spacing__hover_enabled=&raquo;off&raquo; button_one_letter_spacing__hover_enabled=&raquo;off&raquo; button_two_letter_spacing__hover_enabled=&raquo;off&raquo; button_bg_color__hover_enabled=&raquo;off&raquo; button_one_bg_color__hover_enabled=&raquo;off&raquo; button_two_bg_color__hover_enabled=&raquo;off&raquo; sticky_transition=&raquo;on&raquo;][\/et_pb_slide][\/et_pb_fullwidth_slider][\/et_pb_section][et_pb_section fb_built=&raquo;1&#8243; _builder_version=&raquo;4.16&#8243; background_color=&raquo;#a8a779&#8243; global_colors_info=&raquo;{}&raquo;][et_pb_row column_structure=&raquo;1_2,1_2&#8243; _builder_version=&raquo;4.16&#8243; background_size=&raquo;initial&raquo; background_position=&raquo;top_left&raquo; background_repeat=&raquo;repeat&raquo; global_colors_info=&raquo;{}&raquo;][et_pb_column type=&raquo;1_2&#8243; _builder_version=&raquo;4.16&#8243; custom_padding=&raquo;|||&raquo; global_colors_info=&raquo;{}&raquo; custom_padding__hover=&raquo;|||&raquo;][et_pb_text admin_label=&raquo;Text&raquo; _builder_version=&raquo;4.27.5&#8243; text_font_size=&raquo;18px&raquo; background_size=&raquo;initial&raquo; background_position=&raquo;top_left&raquo; background_repeat=&raquo;repeat&raquo; background_layout=&raquo;dark&raquo; global_colors_info=&raquo;{}&raquo;]<\/p>\n<h2>St. Olavsleden<\/h2>\n<p>St Olavsleden\u00a0\u00a0som g\u00e5r fra Sel\u00e5nger i Sverige, via Stiklestad og inn til Trondheim har status som Europeisk kulturveg.\u00a0 Etappen mellom Sel\u00e5nger og Stiklestad var den siste etappen Olav Haraldsson gjorde mens han var i livet. Han ble drept i Slaget p\u00e5 Stiklestad en julikveld i 1030. Samme natt ble hans d\u00f8de kropp stj\u00e5let og rodd Trondheimsfjorden fra Verdal forbi Frostalandet og inn til Trondheim.<\/p>\n<p>I 2014 ble det \u00e5pnet en ny led langs denne fjorden, \u00a0som g\u00e5r fra Munkeby, gjennom Levanger, Ekne og ut til Frosta. Fra Frosta g\u00e5r leden sj\u00f8veien enten til Steinvikholmen eller direkte inn til Trondheim. \u00a0Vi krysser alts\u00e5 samme fjord som legmeet til Olav Haraldsson krysset natten etter slaget p\u00e5 Stiklestad.<\/p>\n<p><em><strong>N\u00e6rmere kommer man ikke historien som formet Norge !<\/strong><\/em><\/p>\n<p>[\/et_pb_text][\/et_pb_column][et_pb_column type=&raquo;1_2&#8243; _builder_version=&raquo;4.16&#8243; custom_padding=&raquo;|||&raquo; global_colors_info=&raquo;{}&raquo; custom_padding__hover=&raquo;|||&raquo;][et_pb_code _builder_version=&raquo;4.27.5&#8243; _module_preset=&raquo;default&raquo; global_colors_info=&raquo;{}&raquo;][\/et_pb_code][\/et_pb_column][\/et_pb_row][et_pb_row _builder_version=&raquo;4.16&#8243; background_size=&raquo;initial&raquo; background_position=&raquo;top_left&raquo; background_repeat=&raquo;repeat&raquo; global_colors_info=&raquo;{}&raquo;][et_pb_column type=&raquo;4_4&#8243; _builder_version=&raquo;4.16&#8243; custom_padding=&raquo;|||&raquo; global_colors_info=&raquo;{}&raquo; custom_padding__hover=&raquo;|||&raquo;][et_pb_text admin_label=&raquo;Text&raquo; _builder_version=&raquo;4.16&#8243; background_size=&raquo;initial&raquo; background_position=&raquo;top_left&raquo; background_repeat=&raquo;repeat&raquo; background_layout=&raquo;dark&raquo; global_colors_info=&raquo;{}&raquo;]<\/p>\n<h1>Oversiktskart Ytre led<\/h1>\n<p>[\/et_pb_text][et_pb_text admin_label=&raquo;Text&raquo; _builder_version=&raquo;4.27.5&#8243; background_size=&raquo;initial&raquo; background_position=&raquo;top_left&raquo; background_repeat=&raquo;repeat&raquo; global_colors_info=&raquo;{}&raquo;]<\/p>\n<p><iframe loading=\"lazy\" src=\"http:\/\/www.arcgis.com\/home\/webmap\/embedViewer.html?webmap=9a6f41b5866f4c4b9eb0501528fe02f5&amp;extent=9.7311,62.9621,12.0972,63.9502\" width=\"940\" height=\"600\" frameborder=\"0\" marginwidth=\"0\" marginheight=\"0\" scrolling=\"no\"><\/iframe><br \/><small><a style=\"color: #0000ff; text-align: left;\" href=\"http:\/\/www.arcgis.com\/home\/webmap\/viewer.html?webmap=9a6f41b5866f4c4b9eb0501528fe02f5&amp;extent=9.7311,62.9621,12.0972,63.9502\" target=\"_blank\" rel=\"noopener\">Se st\u00f8rre kart<\/a><\/small><\/p>\n<p>[\/et_pb_text][\/et_pb_column][\/et_pb_row][et_pb_row _builder_version=&raquo;4.16&#8243; background_size=&raquo;initial&raquo; background_position=&raquo;top_left&raquo; background_repeat=&raquo;repeat&raquo; global_colors_info=&raquo;{}&raquo;][et_pb_column type=&raquo;4_4&#8243; _builder_version=&raquo;4.16&#8243; custom_padding=&raquo;|||&raquo; global_colors_info=&raquo;{}&raquo; custom_padding__hover=&raquo;|||&raquo;][et_pb_text admin_label=&raquo;Text&raquo; _builder_version=&raquo;4.27.5&#8243; background_size=&raquo;initial&raquo; background_position=&raquo;top_left&raquo; background_repeat=&raquo;repeat&raquo; text_orientation=&raquo;center&raquo; background_layout=&raquo;dark&raquo; module_alignment=&raquo;center&raquo; custom_padding=&raquo;2px|||||&raquo; global_colors_info=&raquo;{}&raquo;]<\/p>\n<h3>Vi tilbyr n\u00e5 guidet pilgrimsvandring fra Stiklestad til Nidarosdomen<\/h3>\n<p>[\/et_pb_text][\/et_pb_column][\/et_pb_row][\/et_pb_section][et_pb_section fb_built=&raquo;1&#8243; inner_shadow=&raquo;on&raquo; _builder_version=&raquo;4.27.5&#8243; background_color=&raquo;#FFFFFF&raquo; global_module=&raquo;4147&#8243; global_colors_info=&raquo;{}&raquo;][et_pb_row _builder_version=&raquo;4.16&#8243; background_size=&raquo;initial&raquo; background_position=&raquo;top_left&raquo; background_repeat=&raquo;repeat&raquo; global_colors_info=&raquo;{}&raquo;][et_pb_column type=&raquo;4_4&#8243; _builder_version=&raquo;4.16&#8243; custom_padding=&raquo;|||&raquo; global_colors_info=&raquo;{}&raquo; custom_padding__hover=&raquo;|||&raquo;][et_pb_text admin_label=&raquo;Text&raquo; _builder_version=&raquo;4.27.5&#8243; header_2_font=&raquo;&#8211;et_global_heading_font||||||||&raquo; header_3_font=&raquo;&#8211;et_global_heading_font||||||||&raquo; background_size=&raquo;initial&raquo; background_position=&raquo;top_left&raquo; background_repeat=&raquo;repeat&raquo; text_orientation=&raquo;center&raquo; module_alignment=&raquo;center&raquo; global_colors_info=&raquo;{}&raquo;]<\/p>\n<h2>Guidet pilgrimstur for grupper p\u00e5 15 personer eller fler<\/h2>\n<h3>Turen inkluderer overnattinger, m\u00e5ltider, sauna og b\u00e5ttransport<\/h3>\n<p>[\/et_pb_text][\/et_pb_column][\/et_pb_row][et_pb_row column_structure=&raquo;1_2,1_2&#8243; _builder_version=&raquo;4.27.5&#8243; _module_preset=&raquo;default&raquo; global_colors_info=&raquo;{}&raquo;][et_pb_column type=&raquo;1_2&#8243; _builder_version=&raquo;4.27.5&#8243; _module_preset=&raquo;default&raquo; global_colors_info=&raquo;{}&raquo;][et_pb_blurb title=&raquo;Pilgrim Basic&raquo; url=&raquo;https:\/\/stolavpilgrim.com\/project\/pilgrim-basic\/&raquo; image=&raquo;https:\/\/stolavpilgrim.com\/wp-content\/uploads\/2026\/02\/pilgrim-basic-blurb.jpg&raquo; _builder_version=&raquo;4.27.5&#8243; _module_preset=&raquo;default&raquo; header_text_align=&raquo;center&raquo; header_font_size=&raquo;36px&raquo; link_option_url=&raquo;https:\/\/stolavpilgrim.com\/project\/pilgrim-basic\/&raquo; global_colors_info=&raquo;{}&raquo;]<\/p>\n<h3 style=\"text-align: center;\">7 dagers pilgrimstur for minimum 15 personer<\/h3>\n<p>[\/et_pb_blurb][\/et_pb_column][et_pb_column type=&raquo;1_2&#8243; _builder_version=&raquo;4.27.5&#8243; _module_preset=&raquo;default&raquo; global_colors_info=&raquo;{}&raquo;][et_pb_blurb title=&raquo;Bare b\u00e5t&raquo; url=&raquo;https:\/\/stolavpilgrim.com\/project\/boottransport\/&raquo; image=&raquo;https:\/\/stolavpilgrim.com\/wp-content\/uploads\/2026\/02\/bare-baat-blurb.jpg&raquo; _builder_version=&raquo;4.27.5&#8243; _module_preset=&raquo;default&raquo; header_text_align=&raquo;center&raquo; header_font_size=&raquo;36px&raquo; link_option_url=&raquo;https:\/\/stolavpilgrim.com\/project\/boottransport\/&raquo; hover_enabled=&raquo;0&#8243; global_colors_info=&raquo;{}&raquo; sticky_enabled=&raquo;0&#8243;]<\/p>\n<h3 class=\"p1\" style=\"text-align: center;\">Pilgrimer som vandrer p\u00e5 egen h\u00e5nd kan bestille kun b\u00e5t-transport<\/h3>\n<p>[\/et_pb_blurb][\/et_pb_column][\/et_pb_row][\/et_pb_section]<\/p>\n","protected":false},"excerpt":{"rendered":"<p>St. Olavsleden St Olavsleden\u00a0\u00a0som g\u00e5r fra Sel\u00e5nger i Sverige, via Stiklestad og inn til Trondheim har status som Europeisk kulturveg.\u00a0 Etappen mellom Sel\u00e5nger og Stiklestad var den siste etappen Olav Haraldsson gjorde mens han var i livet. Han ble drept i Slaget p\u00e5 Stiklestad en julikveld i 1030. Samme natt ble hans d\u00f8de kropp stj\u00e5let [&hellip;]<\/p>\n","protected":false},"author":1,"featured_media":0,"parent":0,"menu_order":2,"comment_status":"open","ping_status":"closed","template":"","meta":{"_et_pb_use_builder":"on","_et_pb_old_content":"","_et_gb_content_width":"","inline_featured_image":false,"footnotes":""},"class_list":["post-2253","page","type-page","status-publish","hentry"],"_links":{"self":[{"href":"https:\/\/stolavpilgrim.com\/en\/wp-json\/wp\/v2\/pages\/2253","targetHints":{"allow":["GET"]}}],"collection":[{"href":"https:\/\/stolavpilgrim.com\/en\/wp-json\/wp\/v2\/pages"}],"about":[{"href":"https:\/\/stolavpilgrim.com\/en\/wp-json\/wp\/v2\/types\/page"}],"author":[{"embeddable":true,"href":"https:\/\/stolavpilgrim.com\/en\/wp-json\/wp\/v2\/users\/1"}],"replies":[{"embeddable":true,"href":"https:\/\/stolavpilgrim.com\/en\/wp-json\/wp\/v2\/comments?post=2253"}],"version-history":[{"count":12,"href":"https:\/\/stolavpilgrim.com\/en\/wp-json\/wp\/v2\/pages\/2253\/revisions"}],"predecessor-version":[{"id":4174,"href":"https:\/\/stolavpilgrim.com\/en\/wp-json\/wp\/v2\/pages\/2253\/revisions\/4174"}],"wp:attachment":[{"href":"https:\/\/stolavpilgrim.com\/en\/wp-json\/wp\/v2\/media?parent=2253"}],"curies":[{"name":"wp","href":"https:\/\/api.w.org\/{rel}","templated":true}]}}