{"id":3773,"date":"2014-10-28T13:18:27","date_gmt":"2014-10-28T12:18:27","guid":{"rendered":"https:\/\/stolavpilgrim.com\/?page_id=3773"},"modified":"2026-02-25T10:50:00","modified_gmt":"2026-02-25T09:50:00","slug":"kontaktieren-sie-uns","status":"publish","type":"page","link":"https:\/\/stolavpilgrim.com\/de\/kontakt-oss\/","title":{"rendered":"Kontakt"},"content":{"rendered":"<p>[et_pb_section fb_built=&raquo;1&#8243; _builder_version=&raquo;4.27.4&#8243; _module_preset=&raquo;default&raquo; background_image=&raquo;https:\/\/stolavpilgrim.com\/wp-content\/uploads\/2025\/09\/aftenfjord_1920_high-1.jpg&raquo; custom_padding=&raquo;400px||400px||true|false&raquo; global_colors_info=&raquo;{}&raquo;][et_pb_row _builder_version=&raquo;4.27.4&#8243; _module_preset=&raquo;default&raquo; global_colors_info=&raquo;{}&raquo;][et_pb_column type=&raquo;4_4&#8243; _builder_version=&raquo;4.27.4&#8243; _module_preset=&raquo;default&raquo; global_colors_info=&raquo;{}&raquo;][et_pb_text _builder_version=&raquo;4.27.5&#8243; _module_preset=&raquo;default&raquo; header_font=&raquo;&#8211;et_global_heading_font||||||||&raquo; header_text_align=&raquo;center&raquo; header_text_color=&raquo;#CD5C5C&raquo; header_font_size=&raquo;46px&raquo; global_colors_info=&raquo;{}&raquo;]<\/p>\n<h1>KONTAKT OSS<\/h1>\n<p>[\/et_pb_text][\/et_pb_column][\/et_pb_row][\/et_pb_section][et_pb_section fb_built=&raquo;1&#8243; _builder_version=&raquo;4.16&#8243; global_colors_info=&raquo;{}&raquo;][et_pb_row column_structure=&raquo;1_2,1_4,1_4&#8243; _builder_version=&raquo;4.16&#8243; background_size=&raquo;initial&raquo; background_position=&raquo;top_left&raquo; background_repeat=&raquo;repeat&raquo; global_colors_info=&raquo;{}&raquo;][et_pb_column type=&raquo;1_2&#8243; _builder_version=&raquo;4.16&#8243; custom_padding=&raquo;|||&raquo; global_colors_info=&raquo;{}&raquo; custom_padding__hover=&raquo;|||&raquo;][et_pb_contact_form title=&raquo;Ta kontakt&raquo; admin_label=&raquo;Contact Form&raquo; _builder_version=&raquo;4.27.5&#8243; _unique_id=&raquo;395432ed-bc83-4e56-8115-64de334a4804&#8243; hover_enabled=&raquo;0&#8243; global_colors_info=&raquo;{}&raquo; email=&raquo;lovrod@online.no&raquo; sticky_enabled=&raquo;0&#8243;][et_pb_contact_field field_id=&raquo;Name&raquo; field_title=&raquo;Navn&raquo; _builder_version=&raquo;4.16&#8243; global_colors_info=&raquo;{}&raquo; button_text_size__hover_enabled=&raquo;off&raquo; button_one_text_size__hover_enabled=&raquo;off&raquo; button_two_text_size__hover_enabled=&raquo;off&raquo; button_text_color__hover_enabled=&raquo;off&raquo; button_one_text_color__hover_enabled=&raquo;off&raquo; button_two_text_color__hover_enabled=&raquo;off&raquo; button_border_width__hover_enabled=&raquo;off&raquo; button_one_border_width__hover_enabled=&raquo;off&raquo; button_two_border_width__hover_enabled=&raquo;off&raquo; button_border_color__hover_enabled=&raquo;off&raquo; button_one_border_color__hover_enabled=&raquo;off&raquo; button_two_border_color__hover_enabled=&raquo;off&raquo; button_border_radius__hover_enabled=&raquo;off&raquo; button_one_border_radius__hover_enabled=&raquo;off&raquo; button_two_border_radius__hover_enabled=&raquo;off&raquo; button_letter_spacing__hover_enabled=&raquo;off&raquo; button_one_letter_spacing__hover_enabled=&raquo;off&raquo; button_two_letter_spacing__hover_enabled=&raquo;off&raquo; button_bg_color__hover_enabled=&raquo;off&raquo; button_one_bg_color__hover_enabled=&raquo;off&raquo; button_two_bg_color__hover_enabled=&raquo;off&raquo;][\/et_pb_contact_field][et_pb_contact_field field_id=&raquo;Email&raquo; field_title=&raquo;E-postadresse&raquo; field_type=&raquo;email&raquo; _builder_version=&raquo;4.16&#8243; global_colors_info=&raquo;{}&raquo; button_text_size__hover_enabled=&raquo;off&raquo; button_one_text_size__hover_enabled=&raquo;off&raquo; button_two_text_size__hover_enabled=&raquo;off&raquo; button_text_color__hover_enabled=&raquo;off&raquo; button_one_text_color__hover_enabled=&raquo;off&raquo; button_two_text_color__hover_enabled=&raquo;off&raquo; button_border_width__hover_enabled=&raquo;off&raquo; button_one_border_width__hover_enabled=&raquo;off&raquo; button_two_border_width__hover_enabled=&raquo;off&raquo; button_border_color__hover_enabled=&raquo;off&raquo; button_one_border_color__hover_enabled=&raquo;off&raquo; button_two_border_color__hover_enabled=&raquo;off&raquo; button_border_radius__hover_enabled=&raquo;off&raquo; button_one_border_radius__hover_enabled=&raquo;off&raquo; button_two_border_radius__hover_enabled=&raquo;off&raquo; button_letter_spacing__hover_enabled=&raquo;off&raquo; button_one_letter_spacing__hover_enabled=&raquo;off&raquo; button_two_letter_spacing__hover_enabled=&raquo;off&raquo; button_bg_color__hover_enabled=&raquo;off&raquo; button_one_bg_color__hover_enabled=&raquo;off&raquo; button_two_bg_color__hover_enabled=&raquo;off&raquo;][\/et_pb_contact_field][et_pb_contact_field field_id=&raquo;Message&raquo; field_title=&raquo;Melding&raquo; field_type=&raquo;text&raquo; fullwidth_field=&raquo;on&raquo; _builder_version=&raquo;4.16&#8243; global_colors_info=&raquo;{}&raquo; button_text_size__hover_enabled=&raquo;off&raquo; button_one_text_size__hover_enabled=&raquo;off&raquo; button_two_text_size__hover_enabled=&raquo;off&raquo; button_text_color__hover_enabled=&raquo;off&raquo; button_one_text_color__hover_enabled=&raquo;off&raquo; button_two_text_color__hover_enabled=&raquo;off&raquo; button_border_width__hover_enabled=&raquo;off&raquo; button_one_border_width__hover_enabled=&raquo;off&raquo; button_two_border_width__hover_enabled=&raquo;off&raquo; button_border_color__hover_enabled=&raquo;off&raquo; button_one_border_color__hover_enabled=&raquo;off&raquo; button_two_border_color__hover_enabled=&raquo;off&raquo; button_border_radius__hover_enabled=&raquo;off&raquo; button_one_border_radius__hover_enabled=&raquo;off&raquo; button_two_border_radius__hover_enabled=&raquo;off&raquo; button_letter_spacing__hover_enabled=&raquo;off&raquo; button_one_letter_spacing__hover_enabled=&raquo;off&raquo; button_two_letter_spacing__hover_enabled=&raquo;off&raquo; button_bg_color__hover_enabled=&raquo;off&raquo; button_one_bg_color__hover_enabled=&raquo;off&raquo; button_two_bg_color__hover_enabled=&raquo;off&raquo;][\/et_pb_contact_field][\/et_pb_contact_form][\/et_pb_column][et_pb_column type=&raquo;1_4&#8243; _builder_version=&raquo;4.16&#8243; custom_padding=&raquo;|||&raquo; global_colors_info=&raquo;{}&raquo; custom_padding__hover=&raquo;|||&raquo;][et_pb_text admin_label=&raquo;Text&raquo; _builder_version=&raquo;4.27.5&#8243; background_size=&raquo;initial&raquo; background_position=&raquo;top_left&raquo; background_repeat=&raquo;repeat&raquo; global_colors_info=&raquo;{}&raquo;]<\/p>\n<h3>Kontaktinformasjon<\/h3>\n<p class=\"p1\">\u00d8yvind L\u00f8vr\u00f8d, Bj\u00f8rklyvegen 24, 7633 Frosta.<\/p>\n<p class=\"p1\">Tlf. +47 48107799<\/p>\n<p>[\/et_pb_text][\/et_pb_column][et_pb_column type=&raquo;1_4&#8243; _builder_version=&raquo;4.16&#8243; custom_padding=&raquo;|||&raquo; global_colors_info=&raquo;{}&raquo; custom_padding__hover=&raquo;|||&raquo;][et_pb_social_media_follow follow_button=&raquo;on&raquo; admin_label=&raquo;Social Media Follow&raquo; _builder_version=&raquo;4.27.5&#8243; border_radii=&raquo;on|100%|100%|100%|100%&raquo; link_shape=&raquo;circle&raquo; global_colors_info=&raquo;{}&raquo;][et_pb_social_media_follow_network social_network=&raquo;facebook&raquo; url=&raquo;https:\/\/www.facebook.com\/stolavpilegrim&raquo; _builder_version=&raquo;4.16&#8243; background_color=&raquo;#3b5998&#8243; bg_color=&raquo;#3b5998&#8243; global_colors_info=&raquo;{}&raquo; follow_button=&raquo;on&raquo; url_new_window=&raquo;on&raquo;]facebook[\/et_pb_social_media_follow_network][et_pb_social_media_follow_network social_network=&raquo;instagram&raquo; url=&raquo;https:\/\/plus.google.com\/u\/0\/b\/107487944462628034153\/107487944462628034153&#8243; _builder_version=&raquo;4.27.5&#8243; background_color=&raquo;#ea2c59&#8243; bg_color=&raquo;#dd4b39&#8243; global_colors_info=&raquo;{}&raquo; follow_button=&raquo;on&raquo; url_new_window=&raquo;on&raquo;]instagram[\/et_pb_social_media_follow_network][\/et_pb_social_media_follow][\/et_pb_column][\/et_pb_row][\/et_pb_section][et_pb_section fb_built=&raquo;1&#8243; _builder_version=&raquo;4.16&#8243; background_color=&raquo;#a8a779&#8243; global_colors_info=&raquo;{}&raquo;][et_pb_row _builder_version=&raquo;4.16&#8243; background_size=&raquo;initial&raquo; background_position=&raquo;top_left&raquo; background_repeat=&raquo;repeat&raquo; global_colors_info=&raquo;{}&raquo;][et_pb_column type=&raquo;4_4&#8243; _builder_version=&raquo;4.16&#8243; custom_padding=&raquo;|||&raquo; global_colors_info=&raquo;{}&raquo; custom_padding__hover=&raquo;|||&raquo;][et_pb_text admin_label=&raquo;Text&raquo; _builder_version=&raquo;4.27.5&#8243; background_size=&raquo;initial&raquo; background_position=&raquo;top_left&raquo; background_repeat=&raquo;repeat&raquo; text_orientation=&raquo;center&raquo; module_alignment=&raquo;center&raquo; global_colors_info=&raquo;{}&raquo;]<\/p>\n<h2>Velg blandt v\u00e5re pilgrimsturer<\/h2>\n<p>[\/et_pb_text][et_pb_portfolio fullwidth=&raquo;off&raquo; posts_number=&raquo;4&#8243; show_pagination=&raquo;off&raquo; admin_label=&raquo;Portfolio&raquo; _builder_version=&raquo;4.16&#8243; background_size=&raquo;initial&raquo; background_position=&raquo;top_left&raquo; background_repeat=&raquo;repeat&raquo; global_colors_info=&raquo;{}&raquo;][\/et_pb_portfolio][\/et_pb_column][\/et_pb_row][\/et_pb_section]<\/p>\n","protected":false},"excerpt":{"rendered":"<p>KONTAKT OSSKontaktinformasjon \u00d8yvind L\u00f8vr\u00f8d, Bj\u00f8rklyvegen 24, 7633 Frosta. Tlf. +47 48107799Velg blandt v\u00e5re pilgrimsturer<\/p>","protected":false},"author":1,"featured_media":0,"parent":0,"menu_order":0,"comment_status":"closed","ping_status":"closed","template":"","meta":{"_et_pb_use_builder":"on","_et_pb_old_content":"<p>[et_pb_section fullwidth=\"on\" specialty=\"off\"][et_pb_fullwidth_slider admin_label=\"Fullwidth Slider\" show_arrows=\"on\" show_pagination=\"on\" auto=\"off\" parallax=\"off\" parallax_method=\"off\"][et_pb_slide heading=\"KONTAKT OSS\" background_image=\"https:\/\/stolavpilgrim.com\/wp-content\/uploads\/2013\/10\/aftenfjord_1920_high.jpg\" background_color=\"#ffffff\" alignment=\"center\" background_layout=\"light\" \/][\/et_pb_fullwidth_slider][\/et_pb_section][et_pb_section][et_pb_row][et_pb_column type=\"1_2\"][et_pb_contact_form admin_label=\"Contact Form\" title=\"Ta kontakt\" captcha=\"on\" \/][\/et_pb_column][et_pb_column type=\"1_4\"][et_pb_text admin_label=\"Text\" background_layout=\"light\" text_orientation=\"left\"]<\/p><h3>Kontaktinformasjon<\/h3><p class=\"p1\">\u00d8yvind L\u00f8vr\u00f8d, Asklund, 7633 Frosta.<\/p><p class=\"p1\">Tlf. +47 48107799<\/p><p>[\/et_pb_text][\/et_pb_column][et_pb_column type=\"1_4\"][et_pb_social_media_follow admin_label=\"Social Media Follow\" link_shape=\"circle\" background_layout=\"light\" url_new_window=\"on\" follow_button=\"on\"][et_pb_social_media_follow_network social_network=\"facebook\" bg_color=\"#3b5998\" url=\"https:\/\/www.facebook.com\/stolavpilegrim\"]facebook[\/et_pb_social_media_follow_network][et_pb_social_media_follow_network social_network=\"google-plus\" bg_color=\"#dd4b39\" url=\"https:\/\/plus.google.com\/u\/0\/b\/107487944462628034153\/107487944462628034153\"]Google+[\/et_pb_social_media_follow_network][\/et_pb_social_media_follow][\/et_pb_column][\/et_pb_row][\/et_pb_section][et_pb_section fullwidth=\"off\" background_color=\"#a8a779\" inner_shadow=\"off\" parallax=\"off\"][et_pb_row][et_pb_column type=\"4_4\"][et_pb_text admin_label=\"Text\" background_layout=\"light\" text_orientation=\"center\"]<\/p><h2>Velg blandt v\u00e5re pilegrimsturer<\/h2><p>[\/et_pb_text][et_pb_portfolio admin_label=\"Portfolio\" fullwidth=\"off\" posts_number=\"4\" show_title=\"on\" show_categories=\"on\" show_pagination=\"off\" background_layout=\"light\" \/][\/et_pb_column][\/et_pb_row][\/et_pb_section]<\/p>","_et_gb_content_width":"","inline_featured_image":false,"footnotes":""},"class_list":["post-3773","page","type-page","status-publish","hentry"],"_links":{"self":[{"href":"https:\/\/stolavpilgrim.com\/de\/wp-json\/wp\/v2\/pages\/3773","targetHints":{"allow":["GET"]}}],"collection":[{"href":"https:\/\/stolavpilgrim.com\/de\/wp-json\/wp\/v2\/pages"}],"about":[{"href":"https:\/\/stolavpilgrim.com\/de\/wp-json\/wp\/v2\/types\/page"}],"author":[{"embeddable":true,"href":"https:\/\/stolavpilgrim.com\/de\/wp-json\/wp\/v2\/users\/1"}],"replies":[{"embeddable":true,"href":"https:\/\/stolavpilgrim.com\/de\/wp-json\/wp\/v2\/comments?post=3773"}],"version-history":[{"count":7,"href":"https:\/\/stolavpilgrim.com\/de\/wp-json\/wp\/v2\/pages\/3773\/revisions"}],"predecessor-version":[{"id":4207,"href":"https:\/\/stolavpilgrim.com\/de\/wp-json\/wp\/v2\/pages\/3773\/revisions\/4207"}],"wp:attachment":[{"href":"https:\/\/stolavpilgrim.com\/de\/wp-json\/wp\/v2\/media?parent=3773"}],"curies":[{"name":"wp","href":"https:\/\/api.w.org\/{rel}","templated":true}]}}