{"id":3516,"date":"2014-09-26T09:11:59","date_gmt":"2014-09-26T08:11:59","guid":{"rendered":"https:\/\/stolavpilgrim.com\/?page_id=3516"},"modified":"2026-03-08T10:40:55","modified_gmt":"2026-03-08T09:40:55","slug":"hjem","status":"publish","type":"page","link":"https:\/\/stolavpilgrim.com\/de\/","title":{"rendered":"Hauptseite"},"content":{"rendered":"<p>[et_pb_section fb_built=&raquo;1&#8243; custom_padding_last_edited=&raquo;on|phone&raquo; _builder_version=&raquo;4.27.5&#8243; _module_preset=&raquo;default&raquo; background_image=&raquo;https:\/\/stolavpilgrim.com\/wp-content\/uploads\/2026\/02\/boots004-2.jpg&raquo; custom_margin=&raquo;||||false|false&raquo; custom_padding=&raquo;444px||313px||false|false&raquo; custom_padding_tablet=&raquo;200px||200px||false|false&raquo; custom_padding_phone=&raquo;100px||0px||false|false&raquo; global_colors_info=&raquo;{}&raquo;][et_pb_row _builder_version=&raquo;4.27.4&#8243; _module_preset=&raquo;default&raquo; custom_padding=&raquo;||15px|||&raquo; global_colors_info=&raquo;{}&raquo;][et_pb_column type=&raquo;4_4&#8243; _builder_version=&raquo;4.27.4&#8243; _module_preset=&raquo;default&raquo; global_colors_info=&raquo;{}&raquo;][et_pb_text _builder_version=&raquo;4.27.5&#8243; _module_preset=&raquo;default&raquo; header_font=&raquo;&#8211;et_global_heading_font||||||||&raquo; header_text_align=&raquo;center&raquo; header_text_color=&raquo;#CD5C5C&raquo; header_font_size=&raquo;96px&raquo; width=&raquo;45%&raquo; custom_margin=&raquo;1px|156px||||&raquo; header_font_size_tablet=&raquo;86px&raquo; header_font_size_phone=&raquo;36px&raquo; header_font_size_last_edited=&raquo;on|phone&raquo; global_colors_info=&raquo;{}&raquo;]<\/p>\n<h1 style=\"text-align: left;\">Vi er alle underveis<\/h1>\n<p>[\/et_pb_text][\/et_pb_column][\/et_pb_row][\/et_pb_section][et_pb_section fb_built=&raquo;1&#8243; fullwidth=&raquo;on&raquo; _builder_version=&raquo;4.27.5&#8243; background_color=&raquo;#79a8a1&#8243; transparent_background=&raquo;off&raquo; global_colors_info=&raquo;{}&raquo;][et_pb_fullwidth_header text_orientation=&raquo;center&raquo; content_max_width=&raquo;none&raquo; admin_label=&raquo;Fullwidth Header&raquo; _builder_version=&raquo;4.27.6&#8243; title_font=&raquo;&#8211;et_global_heading_font||||||||&raquo; title_text_color=&raquo;#000000&#8243; content_font=&raquo;&#8211;et_global_heading_font||||||||&raquo; content_text_color=&raquo;#eaeaea&raquo; content_font_size=&raquo;24px&raquo; content_line_height=&raquo;1.3em&raquo; background_color=&raquo;rgba(255, 255, 255, 0)&raquo; background_layout=&raquo;light&raquo; custom_padding_tablet=&raquo;&raquo; custom_padding_phone=&raquo;0px|0px|0px|0px|false|false&raquo; custom_padding_last_edited=&raquo;on|phone&raquo; hover_enabled=&raquo;0&#8243; content_font_size_tablet=&raquo;20px&raquo; content_font_size_phone=&raquo;16px&raquo; content_font_size_last_edited=&raquo;on|phone&raquo; global_colors_info=&raquo;{}&raquo; button_one_text_size__hover_enabled=&raquo;off&raquo; button_two_text_size__hover_enabled=&raquo;off&raquo; button_one_text_color__hover_enabled=&raquo;off&raquo; button_two_text_color__hover_enabled=&raquo;off&raquo; button_one_border_width__hover_enabled=&raquo;off&raquo; button_two_border_width__hover_enabled=&raquo;off&raquo; button_one_border_color__hover_enabled=&raquo;off&raquo; button_two_border_color__hover_enabled=&raquo;off&raquo; button_one_border_radius__hover_enabled=&raquo;off&raquo; button_two_border_radius__hover_enabled=&raquo;off&raquo; button_one_letter_spacing__hover_enabled=&raquo;off&raquo; button_two_letter_spacing__hover_enabled=&raquo;off&raquo; button_one_bg_color__hover_enabled=&raquo;off&raquo; button_two_bg_color__hover_enabled=&raquo;off&raquo; sticky_enabled=&raquo;0&#8243;]<\/p>\n<p class=\"p1\">Vi f\u00f8lger gamle stier fra Stiklestad til Trondheim gjennom fredelige skoger, \u00e5pen himmel og et fantastisk landskap. P\u00e5 denne guidede pilegrimsturen via Frosta tilbyr naturen stillhet, rom og opplevelsen av virkelig \u00e5 v\u00e6re til stede. N\u00e5r vi g\u00e5r sammen, blir vi minnet p\u00e5 at vi alle er p\u00e5 v\u00e5r reise \u2013 ikke bare fysisk, men ogs\u00e5 gjennom selve livet. Den rolige rytmen p\u00e5 stien, felles m\u00e5ltider, badstueopplevelser og enkle \u00f8yeblikk med refleksjon kan ogs\u00e5 gi oss en reise inn i oss selv.<\/p>\n<p>[\/et_pb_fullwidth_header][\/et_pb_section][et_pb_section fb_built=&raquo;1&#8243; inner_shadow=&raquo;on&raquo; _builder_version=&raquo;4.27.5&#8243; background_color=&raquo;#FFFFFF&raquo; global_module=&raquo;4147&#8243; saved_tabs=&raquo;all&raquo; global_colors_info=&raquo;{}&raquo;][et_pb_row _builder_version=&raquo;4.16&#8243; background_size=&raquo;initial&raquo; background_position=&raquo;top_left&raquo; background_repeat=&raquo;repeat&raquo; global_colors_info=&raquo;{}&raquo;][et_pb_column type=&raquo;4_4&#8243; _builder_version=&raquo;4.16&#8243; custom_padding=&raquo;|||&raquo; global_colors_info=&raquo;{}&raquo; custom_padding__hover=&raquo;|||&raquo;][et_pb_text admin_label=&raquo;Text&raquo; _builder_version=&raquo;4.27.5&#8243; header_2_font=&raquo;&#8211;et_global_heading_font||||||||&raquo; header_3_font=&raquo;&#8211;et_global_heading_font||||||||&raquo; background_size=&raquo;initial&raquo; background_position=&raquo;top_left&raquo; background_repeat=&raquo;repeat&raquo; text_orientation=&raquo;center&raquo; module_alignment=&raquo;center&raquo; global_colors_info=&raquo;{}&raquo;]<\/p>\n<h2>Guidet pilgrimstur for grupper p\u00e5 15 personer eller fler<\/h2>\n<h3><\/h3>\n<p>[\/et_pb_text][\/et_pb_column][\/et_pb_row][et_pb_row column_structure=&raquo;1_2,1_2&#8243; _builder_version=&raquo;4.27.5&#8243; _module_preset=&raquo;default&raquo; global_colors_info=&raquo;{}&raquo;][et_pb_column type=&raquo;1_2&#8243; _builder_version=&raquo;4.27.5&#8243; _module_preset=&raquo;default&raquo; global_colors_info=&raquo;{}&raquo;][et_pb_blurb title=&raquo;Pilgrim Basic&raquo; url=&raquo;https:\/\/stolavpilgrim.com\/project\/pilgrim-basic\/&raquo; image=&raquo;https:\/\/stolavpilgrim.com\/wp-content\/uploads\/2026\/02\/pilgrim-basic-blurb.jpg&raquo; _builder_version=&raquo;4.27.5&#8243; _module_preset=&raquo;default&raquo; header_text_align=&raquo;center&raquo; header_font_size=&raquo;36px&raquo; link_option_url=&raquo;https:\/\/stolavpilgrim.com\/project\/pilgrim-basic\/&raquo; global_colors_info=&raquo;{}&raquo;]<\/p>\n<h3 style=\"text-align: center;\">7 dagers pilgrimstur for minimum 15 personer<\/h3>\n<p>[\/et_pb_blurb][\/et_pb_column][et_pb_column type=&raquo;1_2&#8243; _builder_version=&raquo;4.27.5&#8243; _module_preset=&raquo;default&raquo; global_colors_info=&raquo;{}&raquo;][et_pb_blurb title=&raquo;Bare b\u00e5t&raquo; url=&raquo;https:\/\/stolavpilgrim.com\/project\/boottransport\/&raquo; image=&raquo;https:\/\/stolavpilgrim.com\/wp-content\/uploads\/2026\/02\/bare-baat-blurb.jpg&raquo; _builder_version=&raquo;4.27.5&#8243; _module_preset=&raquo;default&raquo; header_text_align=&raquo;center&raquo; header_font_size=&raquo;36px&raquo; link_option_url=&raquo;https:\/\/stolavpilgrim.com\/project\/boottransport\/&raquo; global_colors_info=&raquo;{}&raquo;]<\/p>\n<h3 class=\"p1\" style=\"text-align: center;\">Pilgrimer som vandrer p\u00e5 egen h\u00e5nd kan bestille kun b\u00e5t-transport<\/h3>\n<p>[\/et_pb_blurb][\/et_pb_column][\/et_pb_row][\/et_pb_section][et_pb_section fb_built=&raquo;1&#8243; inner_shadow=&raquo;on&raquo; _builder_version=&raquo;4.27.4&#8243; background_color=&raquo;#ffffff&raquo; background_image=&raquo;https:\/\/stolavpilgrim.com\/wp-content\/uploads\/2008\/06\/frostating_dag_1920.jpg&raquo; parallax=&raquo;on&raquo; global_colors_info=&raquo;{}&raquo;][et_pb_row _builder_version=&raquo;4.16&#8243; background_size=&raquo;initial&raquo; background_position=&raquo;top_left&raquo; background_repeat=&raquo;repeat&raquo; global_colors_info=&raquo;{}&raquo;][et_pb_column type=&raquo;4_4&#8243; _builder_version=&raquo;4.16&#8243; custom_padding=&raquo;|||&raquo; global_colors_info=&raquo;{}&raquo; custom_padding__hover=&raquo;|||&raquo;][et_pb_divider show_divider=&raquo;off&raquo; disabled_on=&raquo;on|on|off&raquo; admin_label=&raquo;Divider&raquo; _builder_version=&raquo;4.16&#8243; height=&raquo;200px&raquo; global_colors_info=&raquo;{}&raquo;][\/et_pb_divider][et_pb_text admin_label=&raquo;Text&raquo; _builder_version=&raquo;4.27.5&#8243; header_font=&raquo;&#8211;et_global_heading_font||||||||&raquo; background_size=&raquo;initial&raquo; background_position=&raquo;top_left&raquo; background_repeat=&raquo;repeat&raquo; text_orientation=&raquo;center&raquo; background_layout=&raquo;dark&raquo; module_alignment=&raquo;center&raquo; global_colors_info=&raquo;{}&raquo;]<\/p>\n<h1>Pilgrimsvandring langs ytre led &#8211; der naturen \u00e5pner seg og sjelen f\u00f8lger etter<\/h1>\n<p>[\/et_pb_text][et_pb_divider show_divider=&raquo;off&raquo; disabled_on=&raquo;on|on|off&raquo; admin_label=&raquo;Divider&raquo; _builder_version=&raquo;4.16&#8243; height=&raquo;600px&raquo; global_colors_info=&raquo;{}&raquo;][\/et_pb_divider][\/et_pb_column][\/et_pb_row][\/et_pb_section][et_pb_section fb_built=&raquo;1&#8243; _builder_version=&raquo;4.27.5&#8243; background_color=&raquo;#A8A779&#8243; transparent_background=&raquo;off&raquo; global_colors_info=&raquo;{}&raquo;][et_pb_row _builder_version=&raquo;4.16&#8243; background_size=&raquo;initial&raquo; background_position=&raquo;top_left&raquo; background_repeat=&raquo;repeat&raquo; global_colors_info=&raquo;{}&raquo;][et_pb_column type=&raquo;4_4&#8243; _builder_version=&raquo;4.16&#8243; custom_padding=&raquo;|||&raquo; global_colors_info=&raquo;{}&raquo; custom_padding__hover=&raquo;|||&raquo;][et_pb_cta button_url=&raquo;https:\/\/stolavpilgrim.com\/kontakt\/&raquo; button_text=&raquo;Ta kontakt for info!&raquo; admin_label=&raquo;Call To Action&raquo; _builder_version=&raquo;4.27.5&#8243; background_color=&raquo;#A8A779&#8243; background_size=&raquo;initial&raquo; background_position=&raquo;top_left&raquo; background_repeat=&raquo;repeat&raquo; custom_button=&raquo;on&raquo; button_border_radius=&raquo;20px&raquo; global_colors_info=&raquo;{}&raquo; button_text_size__hover_enabled=&raquo;off&raquo; button_one_text_size__hover_enabled=&raquo;off&raquo; button_two_text_size__hover_enabled=&raquo;off&raquo; button_text_color__hover_enabled=&raquo;off&raquo; button_one_text_color__hover_enabled=&raquo;off&raquo; button_two_text_color__hover_enabled=&raquo;off&raquo; button_border_width__hover_enabled=&raquo;off&raquo; button_one_border_width__hover_enabled=&raquo;off&raquo; button_two_border_width__hover_enabled=&raquo;off&raquo; button_border_color__hover_enabled=&raquo;off&raquo; button_one_border_color__hover_enabled=&raquo;off&raquo; button_two_border_color__hover_enabled=&raquo;off&raquo; button_border_radius__hover_enabled=&raquo;off&raquo; button_one_border_radius__hover_enabled=&raquo;off&raquo; button_two_border_radius__hover_enabled=&raquo;off&raquo; button_letter_spacing__hover_enabled=&raquo;off&raquo; button_one_letter_spacing__hover_enabled=&raquo;off&raquo; button_two_letter_spacing__hover_enabled=&raquo;off&raquo; button_bg_color__hover_enabled=&raquo;off&raquo; button_one_bg_color__hover_enabled=&raquo;off&raquo; button_two_bg_color__hover_enabled=&raquo;off&raquo;][\/et_pb_cta][\/et_pb_column][\/et_pb_row][\/et_pb_section]<\/p>\n","protected":false},"excerpt":{"rendered":"<p>Vi er alle underveisVi f\u00f8lger gamle stier fra Stiklestad til Trondheim gjennom fredelige skoger, \u00e5pen himmel og et fantastisk landskap. P\u00e5 denne guidede pilegrimsturen via Frosta tilbyr naturen stillhet, rom og opplevelsen av virkelig \u00e5 v\u00e6re til stede. N\u00e5r vi g\u00e5r sammen, blir vi minnet p\u00e5 at vi alle er p\u00e5 v\u00e5r reise \u2013 ikke [&hellip;]<\/p>\n","protected":false},"author":1,"featured_media":0,"parent":0,"menu_order":1,"comment_status":"closed","ping_status":"closed","template":"","meta":{"_et_pb_use_builder":"on","_et_pb_old_content":"","_et_gb_content_width":"","inline_featured_image":false,"footnotes":""},"class_list":["post-3516","page","type-page","status-publish","hentry"],"_links":{"self":[{"href":"https:\/\/stolavpilgrim.com\/de\/wp-json\/wp\/v2\/pages\/3516","targetHints":{"allow":["GET"]}}],"collection":[{"href":"https:\/\/stolavpilgrim.com\/de\/wp-json\/wp\/v2\/pages"}],"about":[{"href":"https:\/\/stolavpilgrim.com\/de\/wp-json\/wp\/v2\/types\/page"}],"author":[{"embeddable":true,"href":"https:\/\/stolavpilgrim.com\/de\/wp-json\/wp\/v2\/users\/1"}],"replies":[{"embeddable":true,"href":"https:\/\/stolavpilgrim.com\/de\/wp-json\/wp\/v2\/comments?post=3516"}],"version-history":[{"count":29,"href":"https:\/\/stolavpilgrim.com\/de\/wp-json\/wp\/v2\/pages\/3516\/revisions"}],"predecessor-version":[{"id":4224,"href":"https:\/\/stolavpilgrim.com\/de\/wp-json\/wp\/v2\/pages\/3516\/revisions\/4224"}],"wp:attachment":[{"href":"https:\/\/stolavpilgrim.com\/de\/wp-json\/wp\/v2\/media?parent=3516"}],"curies":[{"name":"wp","href":"https:\/\/api.w.org\/{rel}","templated":true}]}}