{"id":3113,"date":"2014-08-28T12:30:30","date_gmt":"2014-08-28T11:30:30","guid":{"rendered":"https:\/\/stolavpilgrim.com\/?page_id=3113"},"modified":"2026-02-22T17:27:29","modified_gmt":"2026-02-22T16:27:29","slug":"kooperationspartner","status":"publish","type":"page","link":"https:\/\/stolavpilgrim.com\/de\/samarbeidspartnere\/","title":{"rendered":"Partner f\u00fcr die Zusammenarbeit"},"content":{"rendered":"<p>[et_pb_section fb_built=&raquo;1&#8243; _builder_version=&raquo;4.27.4&#8243; _module_preset=&raquo;default&raquo; background_image=&raquo;https:\/\/stolavpilgrim.com\/wp-content\/uploads\/2025\/09\/frostating_kveld_high_1920-1.jpg&raquo; custom_padding=&raquo;400px||400px||false|false&raquo; global_colors_info=&raquo;{}&raquo;][et_pb_row _builder_version=&raquo;4.27.4&#8243; _module_preset=&raquo;default&raquo; global_colors_info=&raquo;{}&raquo;][et_pb_column type=&raquo;4_4&#8243; _builder_version=&raquo;4.27.4&#8243; _module_preset=&raquo;default&raquo; global_colors_info=&raquo;{}&raquo;][et_pb_text _builder_version=&raquo;4.27.4&#8243; _module_preset=&raquo;default&raquo; header_text_align=&raquo;center&raquo; header_text_color=&raquo;#CD5C5C&raquo; header_font_size=&raquo;46px&raquo; global_colors_info=&raquo;{}&raquo;]<\/p>\n<h1>V\u00c5RE SAMARBEIDSPARTNERE<\/h1>\n<p>[\/et_pb_text][\/et_pb_column][\/et_pb_row][\/et_pb_section][et_pb_section fb_built=&raquo;1&#8243; _builder_version=&raquo;4.16&#8243; global_colors_info=&raquo;{}&raquo;][et_pb_row column_structure=&raquo;1_4,1_4,1_4,1_4&#8243; _builder_version=&raquo;4.27.5&#8243; background_size=&raquo;initial&raquo; background_position=&raquo;top_left&raquo; background_repeat=&raquo;repeat&raquo; global_colors_info=&raquo;{}&raquo;][et_pb_column type=&raquo;1_4&#8243; _builder_version=&raquo;4.16&#8243; custom_padding=&raquo;|||&raquo; global_colors_info=&raquo;{}&raquo; custom_padding__hover=&raquo;|||&raquo;][et_pb_blurb title=&raquo;Munkeby Herberge&raquo; url=&raquo;http:\/\/www.munkeby-herberge.no\/&raquo; url_new_window=&raquo;on&raquo; image=&raquo;https:\/\/stolavpilgrim.com\/wp-content\/uploads\/2025\/09\/Munkeby_herberge_inngang2-1.jpg&raquo; image_icon_width=&raquo;none&raquo; admin_label=&raquo;Blurb&raquo; _builder_version=&raquo;4.27.4&#8243; background_size=&raquo;initial&raquo; background_position=&raquo;top_left&raquo; background_repeat=&raquo;repeat&raquo; text_orientation=&raquo;center&raquo; image_max_width=&raquo;none&raquo; use_circle=&raquo;off&raquo; use_circle_border=&raquo;off&raquo; circle_border_color=&raquo;#3d4e2d&raquo; circle_color=&raquo;#3d4e2d&raquo; global_colors_info=&raquo;{}&raquo;]<\/p>\n<p>Munkeby Herberge tilbyr overnatting i Stabbur, servering av hjemmelaget lokalmat og annet, utleie av lokaler til kurs, m\u00f8ter og selskaper. Vi ligger mellom Munkeby klosterruiner og det nye Munkeby Maria kloster .<\/p>\n<p>[\/et_pb_blurb][\/et_pb_column][et_pb_column type=&raquo;1_4&#8243; _builder_version=&raquo;4.16&#8243; custom_padding=&raquo;|||&raquo; global_colors_info=&raquo;{}&raquo; custom_padding__hover=&raquo;|||&raquo;][et_pb_blurb title=&raquo;Falstadsenteret&raquo; url=&raquo;http:\/\/falstadsenteret.no\/ba\/overnatting.html&raquo; url_new_window=&raquo;on&raquo; image=&raquo;https:\/\/stolavpilgrim.com\/wp-content\/uploads\/2025\/09\/falstad_herberge1-1.jpg&raquo; image_icon_width=&raquo;none&raquo; admin_label=&raquo;Blurb&raquo; _builder_version=&raquo;4.27.4&#8243; background_size=&raquo;initial&raquo; background_position=&raquo;top_left&raquo; background_repeat=&raquo;repeat&raquo; text_orientation=&raquo;center&raquo; image_max_width=&raquo;none&raquo; use_circle=&raquo;off&raquo; use_circle_border=&raquo;off&raquo; circle_border_color=&raquo;#3d4e2d&raquo; circle_color=&raquo;#3d4e2d&raquo; global_colors_info=&raquo;{}&raquo;]<\/p>\n<p>Falstadsenteret ligger i et s\u00e6regent historisk landskap. Stedet og historien inviterer til alvor og refleksjon. Dette gir oppholdet en ekstra dimensjon, og gj\u00f8r stedet egnet til meningsfulle m\u00f8ter mellom mennesker.<\/p>\n<p>[\/et_pb_blurb][\/et_pb_column][et_pb_column type=&raquo;1_4&#8243; _builder_version=&raquo;4.16&#8243; custom_padding=&raquo;|||&raquo; global_colors_info=&raquo;{}&raquo; custom_padding__hover=&raquo;|||&raquo;][et_pb_blurb title=&raquo;Nygaarden&raquo; url=&raquo;http:\/\/millestgarden.se\/&raquo; image=&raquo;https:\/\/stolavpilgrim.com\/wp-content\/uploads\/2025\/09\/Munkeby_herberge_inne2_seng-1.jpg&raquo; image_icon_width=&raquo;none&raquo; admin_label=&raquo;Blurb&raquo; _builder_version=&raquo;4.27.5&#8243; background_size=&raquo;initial&raquo; background_position=&raquo;top_left&raquo; background_repeat=&raquo;repeat&raquo; text_orientation=&raquo;center&raquo; image_max_width=&raquo;none&raquo; use_circle=&raquo;off&raquo; use_circle_border=&raquo;off&raquo; circle_border_color=&raquo;#3d4e2d&raquo; circle_color=&raquo;#3d4e2d&raquo; global_colors_info=&raquo;{}&raquo;]<\/p>\n<p>\u00a0Nygaarden er under etablering!<\/p>\n<p>Vi skal drive med\u00a0 epledyrking og foredling til sider. Her vil vi ogs\u00e5 skape opplevelser gjennom tilbudet sauna &amp; sider, og Nygaarden scene. Etterhvert vil vi ogs\u00e5 \u00e5pne en g\u00e5rdskaf\u00e9 og tilby overnatting. F\u00f8lg med p\u00e5 v\u00e5r hjemmeside.\u00a0 \u00a0<\/p>\n<p>Vi \u00f8nsker \u00e5 skape en rasteplass for ro, varme og opplevelser \u2013 og v\u00e6re et gjestfritt vertskap.<\/p>\n<p>[\/et_pb_blurb][\/et_pb_column][et_pb_column type=&raquo;1_4&#8243; _builder_version=&raquo;4.16&#8243; custom_padding=&raquo;|||&raquo; global_colors_info=&raquo;{}&raquo; custom_padding__hover=&raquo;|||&raquo;][et_pb_blurb title=&raquo;Mikkelhaug&raquo; url=&raquo;http:\/\/www.mikkelhaug.no\/&raquo; url_new_window=&raquo;on&raquo; image=&raquo;https:\/\/stolavpilgrim.com\/wp-content\/uploads\/2025\/09\/drikke1-1.jpg&raquo; image_icon_width=&raquo;none&raquo; admin_label=&raquo;Blurb&raquo; _builder_version=&raquo;4.27.4&#8243; background_size=&raquo;initial&raquo; background_position=&raquo;top_left&raquo; background_repeat=&raquo;repeat&raquo; text_orientation=&raquo;center&raquo; image_max_width=&raquo;none&raquo; use_circle=&raquo;off&raquo; use_circle_border=&raquo;off&raquo; circle_border_color=&raquo;#3d4e2d&raquo; circle_color=&raquo;#3d4e2d&raquo; global_colors_info=&raquo;{}&raquo;]<\/p>\n<p>Mikkelhaug driver produksjon av epler og andre frukter til foredling p\u00e5 et lite sm\u00e5bruk p\u00e5 Levanger. Pr i dag er det ca 4000 epletr\u00e6r, 500 solb\u00e6rbusker, 300 rabarbraplanter p\u00e5 g\u00e5rden. Det vi ikke har kj\u00f8per vi inn av eks anminnelige folk som har en busk eller to i hagen.\u00a0G\u00e5rden drives \u00f8kologisk og er Debio-godkjent.<\/p>\n<p>[\/et_pb_blurb][\/et_pb_column][\/et_pb_row][\/et_pb_section][et_pb_section fb_built=&raquo;1&#8243; _builder_version=&raquo;4.16&#8243; background_color=&raquo;#a8a779&#8243; global_colors_info=&raquo;{}&raquo;][et_pb_row column_structure=&raquo;1_5,1_5,1_5,1_5,1_5&#8243; _builder_version=&raquo;4.27.5&#8243; background_size=&raquo;initial&raquo; background_position=&raquo;top_left&raquo; background_repeat=&raquo;repeat&raquo; width=&raquo;90%&raquo; max_width=&raquo;1180px&raquo; global_colors_info=&raquo;{}&raquo;][et_pb_column type=&raquo;1_5&#8243; _builder_version=&raquo;4.16&#8243; custom_padding=&raquo;|||&raquo; global_colors_info=&raquo;{}&raquo; custom_padding__hover=&raquo;|||&raquo;][et_pb_blurb title=&raquo;Frosta Fjordbuer&raquo; url=&raquo;http:\/\/www.frosta-fjordbuer.no\/Norsk\/index_n.html&raquo; url_new_window=&raquo;on&raquo; image=&raquo;https:\/\/stolavpilgrim.com\/wp-content\/uploads\/2025\/09\/FrostaFjordbuer_web-1.jpg&raquo; image_icon_width=&raquo;none&raquo; admin_label=&raquo;Blurb&raquo; _builder_version=&raquo;4.27.5&#8243; background_size=&raquo;initial&raquo; background_position=&raquo;top_left&raquo; background_repeat=&raquo;repeat&raquo; text_orientation=&raquo;center&raquo; image_max_width=&raquo;none&raquo; use_circle=&raquo;off&raquo; use_circle_border=&raquo;off&raquo; circle_border_color=&raquo;#3d4e2d&raquo; circle_color=&raquo;#3d4e2d&raquo; global_colors_info=&raquo;{}&raquo;]<\/p>\n<p>Vi tilbyr overnatting i fjordbuer med naturskj\u00f8nne omgivelser og god tilgang til aktiviteter i tillegg til sj\u00f8fiske. Frosta Fjordbuer ligger mot nordvest\u00a0 ved Trondheimsfjorden og best\u00e5r av tre fjordbuer med h\u00f8y standard. Den fjerde fjordbua er under bygging. I tillegg leies ut\u00a0 &laquo;Mastua&raquo; p\u00e5\u00a0 g\u00e5rden. Totalt har anlegget 26 sengeplasser fordelt p\u00e5 13 soverom.<\/p>\n<p>[\/et_pb_blurb][\/et_pb_column][et_pb_column type=&raquo;1_5&#8243; _builder_version=&raquo;4.16&#8243; custom_padding=&raquo;|||&raquo; global_colors_info=&raquo;{}&raquo; custom_padding__hover=&raquo;|||&raquo;][et_pb_blurb title=&raquo;Viktil G\u00e5rd&raquo; url=&raquo;http:\/\/frostamessa.no\/om-viktil-gaard\/&raquo; url_new_window=&raquo;on&raquo; image=&raquo;https:\/\/stolavpilgrim.com\/wp-content\/uploads\/2026\/02\/viktil1.jpg&raquo; image_icon_width=&raquo;none&raquo; admin_label=&raquo;Blurb&raquo; _builder_version=&raquo;4.27.5&#8243; background_size=&raquo;initial&raquo; background_position=&raquo;top_left&raquo; background_repeat=&raquo;repeat&raquo; text_orientation=&raquo;center&raquo; image_max_width=&raquo;none&raquo; use_circle=&raquo;off&raquo; use_circle_border=&raquo;off&raquo; circle_border_color=&raquo;#3d4e2d&raquo; circle_color=&raquo;#3d4e2d&raquo; global_colors_info=&raquo;{}&raquo;]<\/p>\n<p>I sametunet finner du selskapslavoen som midtpunktet. Videre er to mindre lavoer og en gapahuk tilgjengelig. Ute er det b\u00e5lplass og sitteplass til opp til 70 personer. I hovedlavoen\u00a0 er det mulig \u00e5 bespise inntil 45 personer<\/p>\n<p>[\/et_pb_blurb][\/et_pb_column][et_pb_column type=&raquo;1_5&#8243; _builder_version=&raquo;4.16&#8243; custom_padding=&raquo;|||&raquo; global_colors_info=&raquo;{}&raquo; custom_padding__hover=&raquo;|||&raquo;][et_pb_blurb title=&raquo;Valberg Slektsg\u00e5rd&raquo; url=&raquo;http:\/\/www.visitvalberg.no\/overnatting\/&raquo; image=&raquo;https:\/\/stolavpilgrim.com\/wp-content\/uploads\/2025\/09\/valberg1-1.jpg&raquo; image_icon_width=&raquo;none&raquo; admin_label=&raquo;Blurb&raquo; _builder_version=&raquo;4.27.5&#8243; background_size=&raquo;initial&raquo; background_position=&raquo;top_left&raquo; background_repeat=&raquo;repeat&raquo; text_orientation=&raquo;center&raquo; image_max_width=&raquo;none&raquo; use_circle=&raquo;off&raquo; use_circle_border=&raquo;off&raquo; circle_border_color=&raquo;#3d4e2d&raquo; circle_color=&raquo;#3d4e2d&raquo; global_colors_info=&raquo;{}&raquo;]<\/p>\n<p>Valberg Slektsg\u00e5rd byr p\u00e5 fristende overnattingsopplevelser. Og det er ingen tilfeldighet at vi har valgt \u00e5 legge v\u00e5re h\u00e5ndlaftede t\u00f8mmerhytter til nordsiden av g\u00e5rden. Her er solnedgangen p\u00e5 sitt vakreste, og utsikten over Tautra og Trondheimsfjorden er fantastisk.<\/p>\n<p>[\/et_pb_blurb][\/et_pb_column][et_pb_column type=&raquo;1_5&#8243; _builder_version=&raquo;4.16&#8243; custom_padding=&raquo;|||&raquo; global_colors_info=&raquo;{}&raquo; custom_padding__hover=&raquo;|||&raquo;][et_pb_blurb title=&raquo;Pilegrimsg\u00e5rden&raquo; url=&raquo;http:\/\/pilegrimsgarden.pilegrimsleden.no\/&raquo; url_new_window=&raquo;on&raquo; image=&raquo;https:\/\/stolavpilgrim.com\/wp-content\/uploads\/2025\/09\/pilegrimsgarden-1.jpg&raquo; image_icon_width=&raquo;none&raquo; admin_label=&raquo;Blurb&raquo; _builder_version=&raquo;4.27.5&#8243; background_size=&raquo;initial&raquo; background_position=&raquo;top_left&raquo; background_repeat=&raquo;repeat&raquo; text_orientation=&raquo;center&raquo; hover_enabled=&raquo;0&#8243; image_max_width=&raquo;none&raquo; use_circle=&raquo;off&raquo; use_circle_border=&raquo;off&raquo; circle_border_color=&raquo;#3d4e2d&raquo; circle_color=&raquo;#3d4e2d&raquo; global_colors_info=&raquo;{}&raquo; custom_padding=&raquo;||0px|||&raquo; sticky_enabled=&raquo;0&#8243;]<\/p>\n<p>Pilegrimsg\u00e5rden er midlertidig stengt men vi h\u00e5per \u00e5 kunne \u00e5pne igjen snart.<\/p>\n<p>Pilegrimsg\u00e5rden er et m\u00f8te- og mottakssted for alle brukere av pilegrimsleden. Det v\u00e6re seg langvandrere som har kommet til m\u00e5let, eller de som har g\u00e5tt sin del av pilegrimsvegene.\u00a0<\/p>\n<p>[\/et_pb_blurb][\/et_pb_column][et_pb_column type=&raquo;1_5&#8243; _builder_version=&raquo;4.16&#8243; custom_padding=&raquo;|||&raquo; global_colors_info=&raquo;{}&raquo; custom_padding__hover=&raquo;|||&raquo;][et_pb_blurb title=&raquo;Klosterg\u00e5rden&raquo; url=&raquo;http:\/\/www.klostergardentautra.no\/&raquo; url_new_window=&raquo;on&raquo; image=&raquo;https:\/\/stolavpilgrim.com\/wp-content\/uploads\/2025\/09\/klostergaarden1-1.jpg&raquo; image_icon_width=&raquo;none&raquo; admin_label=&raquo;Blurb&raquo; _builder_version=&raquo;4.27.5&#8243; background_size=&raquo;initial&raquo; background_position=&raquo;top_left&raquo; background_repeat=&raquo;repeat&raquo; text_orientation=&raquo;center&raquo; image_max_width=&raquo;none&raquo; use_circle=&raquo;off&raquo; use_circle_border=&raquo;off&raquo; circle_border_color=&raquo;#3d4e2d&raquo; circle_color=&raquo;#3d4e2d&raquo; global_colors_info=&raquo;{}&raquo;]<\/p>\n<p>Klosterg\u00e5rden ligger like ved ruinene til det gamle cistercienserklosteret p\u00e5 Tautra fra \u00e5r 1207.\u00a0Tautra og klosterruinene er et s\u00e6rpreget landmerke i Trondheimsfjorden.<\/p>\n<p>&nbsp;<\/p>\n<p>[\/et_pb_blurb][\/et_pb_column][\/et_pb_row][\/et_pb_section][et_pb_section fb_built=&raquo;1&#8243; inner_shadow=&raquo;on&raquo; _builder_version=&raquo;4.27.5&#8243; background_color=&raquo;#FFFFFF&raquo; global_module=&raquo;4147&#8243; global_colors_info=&raquo;{}&raquo;][et_pb_row _builder_version=&raquo;4.16&#8243; background_size=&raquo;initial&raquo; background_position=&raquo;top_left&raquo; background_repeat=&raquo;repeat&raquo; global_colors_info=&raquo;{}&raquo;][et_pb_column type=&raquo;4_4&#8243; _builder_version=&raquo;4.16&#8243; custom_padding=&raquo;|||&raquo; global_colors_info=&raquo;{}&raquo; custom_padding__hover=&raquo;|||&raquo;][et_pb_text admin_label=&raquo;Text&raquo; _builder_version=&raquo;4.27.5&#8243; header_2_font=&raquo;&#8211;et_global_heading_font||||||||&raquo; header_3_font=&raquo;&#8211;et_global_heading_font||||||||&raquo; background_size=&raquo;initial&raquo; background_position=&raquo;top_left&raquo; background_repeat=&raquo;repeat&raquo; text_orientation=&raquo;center&raquo; module_alignment=&raquo;center&raquo; global_colors_info=&raquo;{}&raquo;]<\/p>\n<h2>Guidet pilgrimstur for grupper p\u00e5 15 personer eller fler<\/h2>\n<h3>Turen inkluderer overnattinger, m\u00e5ltider, sauna og b\u00e5ttransport<\/h3>\n<p>[\/et_pb_text][\/et_pb_column][\/et_pb_row][et_pb_row column_structure=&raquo;1_2,1_2&#8243; _builder_version=&raquo;4.27.5&#8243; _module_preset=&raquo;default&raquo; global_colors_info=&raquo;{}&raquo;][et_pb_column type=&raquo;1_2&#8243; _builder_version=&raquo;4.27.5&#8243; _module_preset=&raquo;default&raquo; global_colors_info=&raquo;{}&raquo;][et_pb_blurb title=&raquo;Pilgrim Basic&raquo; url=&raquo;https:\/\/stolavpilgrim.com\/project\/pilgrim-basic\/&raquo; image=&raquo;https:\/\/stolavpilgrim.com\/wp-content\/uploads\/2026\/02\/pilgrim-basic-blurb.jpg&raquo; _builder_version=&raquo;4.27.5&#8243; _module_preset=&raquo;default&raquo; header_text_align=&raquo;center&raquo; header_font_size=&raquo;36px&raquo; link_option_url=&raquo;https:\/\/stolavpilgrim.com\/project\/pilgrim-basic\/&raquo; global_colors_info=&raquo;{}&raquo;]<\/p>\n<h3 style=\"text-align: center;\">7 dagers pilgrimstur for minimum 15 personer<\/h3>\n<p>[\/et_pb_blurb][\/et_pb_column][et_pb_column type=&raquo;1_2&#8243; _builder_version=&raquo;4.27.5&#8243; _module_preset=&raquo;default&raquo; global_colors_info=&raquo;{}&raquo;][et_pb_blurb title=&raquo;Bare b\u00e5t&raquo; url=&raquo;https:\/\/stolavpilgrim.com\/project\/boottransport\/&raquo; image=&raquo;https:\/\/stolavpilgrim.com\/wp-content\/uploads\/2026\/02\/bare-baat-blurb.jpg&raquo; _builder_version=&raquo;4.27.5&#8243; _module_preset=&raquo;default&raquo; header_text_align=&raquo;center&raquo; header_font_size=&raquo;36px&raquo; link_option_url=&raquo;https:\/\/stolavpilgrim.com\/project\/boottransport\/&raquo; global_colors_info=&raquo;{}&raquo;]<\/p>\n<h3 class=\"p1\" style=\"text-align: center;\">Pilgrimer som vandrer p\u00e5 egen h\u00e5nd kan bestille kun b\u00e5t-transport<\/h3>\n<p>[\/et_pb_blurb][\/et_pb_column][\/et_pb_row][\/et_pb_section]<\/p>\n","protected":false},"excerpt":{"rendered":"<p>V\u00c5RE SAMARBEIDSPARTNEREMunkeby Herberge tilbyr overnatting i Stabbur, servering av hjemmelaget lokalmat og annet, utleie av lokaler til kurs, m\u00f8ter og selskaper. Vi ligger mellom Munkeby klosterruiner og det nye Munkeby Maria kloster .Falstadsenteret ligger i et s\u00e6regent historisk landskap. Stedet og historien inviterer til alvor og refleksjon. Dette gir oppholdet en ekstra dimensjon, og gj\u00f8r [&hellip;]<\/p>\n","protected":false},"author":1,"featured_media":0,"parent":0,"menu_order":0,"comment_status":"closed","ping_status":"closed","template":"","meta":{"_et_pb_use_builder":"on","_et_pb_old_content":"","_et_gb_content_width":"","inline_featured_image":false,"footnotes":""},"class_list":["post-3113","page","type-page","status-publish","hentry"],"_links":{"self":[{"href":"https:\/\/stolavpilgrim.com\/de\/wp-json\/wp\/v2\/pages\/3113","targetHints":{"allow":["GET"]}}],"collection":[{"href":"https:\/\/stolavpilgrim.com\/de\/wp-json\/wp\/v2\/pages"}],"about":[{"href":"https:\/\/stolavpilgrim.com\/de\/wp-json\/wp\/v2\/types\/page"}],"author":[{"embeddable":true,"href":"https:\/\/stolavpilgrim.com\/de\/wp-json\/wp\/v2\/users\/1"}],"replies":[{"embeddable":true,"href":"https:\/\/stolavpilgrim.com\/de\/wp-json\/wp\/v2\/comments?post=3113"}],"version-history":[{"count":16,"href":"https:\/\/stolavpilgrim.com\/de\/wp-json\/wp\/v2\/pages\/3113\/revisions"}],"predecessor-version":[{"id":4172,"href":"https:\/\/stolavpilgrim.com\/de\/wp-json\/wp\/v2\/pages\/3113\/revisions\/4172"}],"wp:attachment":[{"href":"https:\/\/stolavpilgrim.com\/de\/wp-json\/wp\/v2\/media?parent=3113"}],"curies":[{"name":"wp","href":"https:\/\/api.w.org\/{rel}","templated":true}]}}